{"id":222,"date":"2026-02-21T16:10:18","date_gmt":"2026-02-21T15:10:18","guid":{"rendered":"https:\/\/waldhoer.org\/?page_id=222"},"modified":"2026-03-07T17:12:59","modified_gmt":"2026-03-07T16:12:59","slug":"404-2","status":"publish","type":"page","link":"https:\/\/waldhoer.org\/en\/404-2\/","title":{"rendered":"Seite nicht gefunden"},"content":{"rendered":"<div data-elementor-type=\"wp-page\" data-elementor-id=\"222\" class=\"elementor elementor-222\">\n\t\t\t\t<div class=\"elementor-element elementor-element-b8be8cd e-flex e-con-boxed wpr-particle-no wpr-jarallax-no wpr-parallax-no wpr-sticky-section-no wpr-equal-height-no e-con e-parent\" data-id=\"b8be8cd\" data-element_type=\"container\" data-e-type=\"container\">\n\t\t\t\t\t<div class=\"e-con-inner\">\n\t\t\t\t<div class=\"elementor-element elementor-element-d495713 elementor-widget elementor-widget-image\" data-id=\"d495713\" data-element_type=\"widget\" data-e-type=\"widget\" data-widget_type=\"image.default\">\n\t\t\t\t\t\t\t\t\t\t\t\t\t\t\t<img fetchpriority=\"high\" decoding=\"async\" width=\"768\" height=\"166\" src=\"https:\/\/waldhoer.org\/wp-content\/uploads\/2026\/02\/Logo_WSDP-768x166.png\" class=\"attachment-medium_large size-medium_large wp-image-224\" alt=\"\" srcset=\"https:\/\/waldhoer.org\/wp-content\/uploads\/2026\/02\/Logo_WSDP-768x166.png 768w, https:\/\/waldhoer.org\/wp-content\/uploads\/2026\/02\/Logo_WSDP-300x65.png 300w, https:\/\/waldhoer.org\/wp-content\/uploads\/2026\/02\/Logo_WSDP-1024x222.png 1024w, https:\/\/waldhoer.org\/wp-content\/uploads\/2026\/02\/Logo_WSDP.png 1225w\" sizes=\"(max-width: 768px) 100vw, 768px\" \/>\t\t\t\t\t\t\t\t\t\t\t\t\t\t\t<\/div>\n\t\t\t\t<div class=\"elementor-element elementor-element-88be608 elementor-widget elementor-widget-heading\" data-id=\"88be608\" data-element_type=\"widget\" data-e-type=\"widget\" data-widget_type=\"heading.default\">\n\t\t\t\t\t<h1 class=\"elementor-heading-title elementor-size-default\">This site does not exists<\/h1>\t\t\t\t<\/div>\n\t\t\t\t<div class=\"elementor-element elementor-element-26cd47f elementor-widget elementor-widget-text-editor\" data-id=\"26cd47f\" data-element_type=\"widget\" data-e-type=\"widget\" data-widget_type=\"text-editor.default\">\n\t\t\t\t\t\t\t\t\t<div class=\"elementor-element elementor-element-c69a36d elementor-widget__width-initial elementor-widget elementor-widget-text-editor\" data-id=\"c69a36d\" data-element_type=\"widget\" data-e-type=\"widget\" data-widget_type=\"text-editor.default\"><div class=\"elementor-widget-container\"><p>This page was not found. Maybe it was deleted or the link contains errors.<\/p><\/div><\/div><div class=\"elementor-element elementor-element-bd5815a elementor-align-center elementor-mobile-align-left elementor-widget__width-initial elementor-widget elementor-widget-button\" data-id=\"bd5815a\" data-element_type=\"widget\" data-e-type=\"widget\" data-widget_type=\"button.default\"><div class=\"elementor-widget-container\"><div class=\"elementor-button-wrapper\">\u00a0<\/div><\/div><\/div>\t\t\t\t\t\t\t\t<\/div>\n\t\t\t\t\t<\/div>\n\t\t\t\t<\/div>\n\t\t\t\t<\/div>","protected":false},"excerpt":{"rendered":"<p>Diese Seite gibt es nicht. Diese Seite wurde nicht gefunden. Wom\u00f6glich wurde sie entfernt oder der Link enth\u00e4lt Tippfehler. \u00a0<\/p>","protected":false},"author":1,"featured_media":0,"parent":0,"menu_order":0,"comment_status":"closed","ping_status":"closed","template":"elementor_canvas","meta":{"footnotes":""},"class_list":["post-222","page","type-page","status-publish","hentry"],"yoast_head":"<!-- This site is optimized with the Yoast SEO plugin v27.4 - https:\/\/yoast.com\/product\/yoast-seo-wordpress\/ -->\n<title>Seite nicht gefunden - Merlin Waldh\u00f6r<\/title>\n<meta name=\"robots\" content=\"noindex, nofollow\" \/>\n<meta property=\"og:locale\" content=\"en_US\" \/>\n<meta property=\"og:type\" content=\"article\" \/>\n<meta property=\"og:title\" content=\"Seite nicht gefunden - Merlin Waldh\u00f6r\" \/>\n<meta property=\"og:description\" content=\"Diese Seite gibt es nicht. Diese Seite wurde nicht gefunden. Wom\u00f6glich wurde sie entfernt oder der Link enth\u00e4lt Tippfehler. \u00a0\" \/>\n<meta property=\"og:url\" content=\"https:\/\/waldhoer.org\/en\/404-2\/\" \/>\n<meta property=\"og:site_name\" content=\"Merlin Waldh\u00f6r\" \/>\n<meta property=\"article:publisher\" content=\"https:\/\/www.facebook.com\/MerlinWaldhoer\/\" \/>\n<meta property=\"article:modified_time\" content=\"2026-03-07T16:12:59+00:00\" \/>\n<meta property=\"og:image\" content=\"https:\/\/waldhoer.org\/wp-content\/uploads\/2026\/02\/Logo_WSDP-768x166.png\" \/>\n<meta name=\"twitter:card\" content=\"summary_large_image\" \/>\n<meta name=\"twitter:label1\" content=\"Est. reading time\" \/>\n\t<meta name=\"twitter:data1\" content=\"1 minute\" \/>\n<script type=\"application\/ld+json\" class=\"yoast-schema-graph\">{\"@context\":\"https:\\\/\\\/schema.org\",\"@graph\":[{\"@type\":\"WebPage\",\"@id\":\"https:\\\/\\\/waldhoer.org\\\/404-2\\\/\",\"url\":\"https:\\\/\\\/waldhoer.org\\\/404-2\\\/\",\"name\":\"Seite nicht gefunden - Merlin Waldh\u00f6r\",\"isPartOf\":{\"@id\":\"https:\\\/\\\/waldhoer.org\\\/#website\"},\"primaryImageOfPage\":{\"@id\":\"https:\\\/\\\/waldhoer.org\\\/404-2\\\/#primaryimage\"},\"image\":{\"@id\":\"https:\\\/\\\/waldhoer.org\\\/404-2\\\/#primaryimage\"},\"thumbnailUrl\":\"https:\\\/\\\/waldhoer.org\\\/wp-content\\\/uploads\\\/2026\\\/02\\\/Logo_WSDP-768x166.png\",\"datePublished\":\"2026-02-21T15:10:18+00:00\",\"dateModified\":\"2026-03-07T16:12:59+00:00\",\"breadcrumb\":{\"@id\":\"https:\\\/\\\/waldhoer.org\\\/404-2\\\/#breadcrumb\"},\"inLanguage\":\"en-US\",\"potentialAction\":[{\"@type\":\"ReadAction\",\"target\":[\"https:\\\/\\\/waldhoer.org\\\/404-2\\\/\"]}]},{\"@type\":\"ImageObject\",\"inLanguage\":\"en-US\",\"@id\":\"https:\\\/\\\/waldhoer.org\\\/404-2\\\/#primaryimage\",\"url\":\"https:\\\/\\\/waldhoer.org\\\/wp-content\\\/uploads\\\/2026\\\/02\\\/Logo_WSDP-768x166.png\",\"contentUrl\":\"https:\\\/\\\/waldhoer.org\\\/wp-content\\\/uploads\\\/2026\\\/02\\\/Logo_WSDP-768x166.png\"},{\"@type\":\"BreadcrumbList\",\"@id\":\"https:\\\/\\\/waldhoer.org\\\/404-2\\\/#breadcrumb\",\"itemListElement\":[{\"@type\":\"ListItem\",\"position\":1,\"name\":\"Startseite\",\"item\":\"https:\\\/\\\/waldhoer.org\\\/\"},{\"@type\":\"ListItem\",\"position\":2,\"name\":\"Seite nicht gefunden\"}]},{\"@type\":\"WebSite\",\"@id\":\"https:\\\/\\\/waldhoer.org\\\/#website\",\"url\":\"https:\\\/\\\/waldhoer.org\\\/\",\"name\":\"Merlin Waldh\u00f6r\",\"description\":\"Offizielle Webpr\u00e4senz\",\"publisher\":{\"@id\":\"https:\\\/\\\/waldhoer.org\\\/#\\\/schema\\\/person\\\/23b074e959ccdcf806e7ce65420fa6c5\"},\"potentialAction\":[{\"@type\":\"SearchAction\",\"target\":{\"@type\":\"EntryPoint\",\"urlTemplate\":\"https:\\\/\\\/waldhoer.org\\\/?s={search_term_string}\"},\"query-input\":{\"@type\":\"PropertyValueSpecification\",\"valueRequired\":true,\"valueName\":\"search_term_string\"}}],\"inLanguage\":\"en-US\"},{\"@type\":[\"Person\",\"Organization\"],\"@id\":\"https:\\\/\\\/waldhoer.org\\\/#\\\/schema\\\/person\\\/23b074e959ccdcf806e7ce65420fa6c5\",\"name\":\"Merlin Waldh\u00f6r\",\"image\":{\"@type\":\"ImageObject\",\"inLanguage\":\"en-US\",\"@id\":\"https:\\\/\\\/waldhoer.org\\\/wp-content\\\/uploads\\\/2026\\\/02\\\/cropped-Icon_WS-1.png\",\"url\":\"https:\\\/\\\/waldhoer.org\\\/wp-content\\\/uploads\\\/2026\\\/02\\\/cropped-Icon_WS-1.png\",\"contentUrl\":\"https:\\\/\\\/waldhoer.org\\\/wp-content\\\/uploads\\\/2026\\\/02\\\/cropped-Icon_WS-1.png\",\"width\":512,\"height\":512,\"caption\":\"Merlin Waldh\u00f6r\"},\"logo\":{\"@id\":\"https:\\\/\\\/waldhoer.org\\\/wp-content\\\/uploads\\\/2026\\\/02\\\/cropped-Icon_WS-1.png\"},\"sameAs\":[\"http:\\\/\\\/192.168.0.55:8090\",\"https:\\\/\\\/www.facebook.com\\\/MerlinWaldhoer\\\/\",\"https:\\\/\\\/instagram.com\\\/merlin.waldhoer\",\"https:\\\/\\\/www.linkedin.com\\\/in\\\/merlin-waldhr-696809275\\\/\"]}]}<\/script>\n<!-- \/ Yoast SEO plugin. -->","yoast_head_json":{"title":"Seite nicht gefunden - Merlin Waldh\u00f6r","robots":{"index":"noindex","follow":"nofollow"},"og_locale":"en_US","og_type":"article","og_title":"Seite nicht gefunden - Merlin Waldh\u00f6r","og_description":"Diese Seite gibt es nicht. Diese Seite wurde nicht gefunden. Wom\u00f6glich wurde sie entfernt oder der Link enth\u00e4lt Tippfehler. \u00a0","og_url":"https:\/\/waldhoer.org\/en\/404-2\/","og_site_name":"Merlin Waldh\u00f6r","article_publisher":"https:\/\/www.facebook.com\/MerlinWaldhoer\/","article_modified_time":"2026-03-07T16:12:59+00:00","og_image":[{"url":"https:\/\/waldhoer.org\/wp-content\/uploads\/2026\/02\/Logo_WSDP-768x166.png","type":"","width":"","height":""}],"twitter_card":"summary_large_image","twitter_misc":{"Est. reading time":"1 minute"},"schema":{"@context":"https:\/\/schema.org","@graph":[{"@type":"WebPage","@id":"https:\/\/waldhoer.org\/404-2\/","url":"https:\/\/waldhoer.org\/404-2\/","name":"Seite nicht gefunden - Merlin Waldh\u00f6r","isPartOf":{"@id":"https:\/\/waldhoer.org\/#website"},"primaryImageOfPage":{"@id":"https:\/\/waldhoer.org\/404-2\/#primaryimage"},"image":{"@id":"https:\/\/waldhoer.org\/404-2\/#primaryimage"},"thumbnailUrl":"https:\/\/waldhoer.org\/wp-content\/uploads\/2026\/02\/Logo_WSDP-768x166.png","datePublished":"2026-02-21T15:10:18+00:00","dateModified":"2026-03-07T16:12:59+00:00","breadcrumb":{"@id":"https:\/\/waldhoer.org\/404-2\/#breadcrumb"},"inLanguage":"en-US","potentialAction":[{"@type":"ReadAction","target":["https:\/\/waldhoer.org\/404-2\/"]}]},{"@type":"ImageObject","inLanguage":"en-US","@id":"https:\/\/waldhoer.org\/404-2\/#primaryimage","url":"https:\/\/waldhoer.org\/wp-content\/uploads\/2026\/02\/Logo_WSDP-768x166.png","contentUrl":"https:\/\/waldhoer.org\/wp-content\/uploads\/2026\/02\/Logo_WSDP-768x166.png"},{"@type":"BreadcrumbList","@id":"https:\/\/waldhoer.org\/404-2\/#breadcrumb","itemListElement":[{"@type":"ListItem","position":1,"name":"Startseite","item":"https:\/\/waldhoer.org\/"},{"@type":"ListItem","position":2,"name":"Seite nicht gefunden"}]},{"@type":"WebSite","@id":"https:\/\/waldhoer.org\/#website","url":"https:\/\/waldhoer.org\/","name":"Merlin Waldh\u00f6r","description":"Official Webpage","publisher":{"@id":"https:\/\/waldhoer.org\/#\/schema\/person\/23b074e959ccdcf806e7ce65420fa6c5"},"potentialAction":[{"@type":"SearchAction","target":{"@type":"EntryPoint","urlTemplate":"https:\/\/waldhoer.org\/?s={search_term_string}"},"query-input":{"@type":"PropertyValueSpecification","valueRequired":true,"valueName":"search_term_string"}}],"inLanguage":"en-US"},{"@type":["Person","Organization"],"@id":"https:\/\/waldhoer.org\/#\/schema\/person\/23b074e959ccdcf806e7ce65420fa6c5","name":"Merlin Waldh\u00f6r","image":{"@type":"ImageObject","inLanguage":"en-US","@id":"https:\/\/waldhoer.org\/wp-content\/uploads\/2026\/02\/cropped-Icon_WS-1.png","url":"https:\/\/waldhoer.org\/wp-content\/uploads\/2026\/02\/cropped-Icon_WS-1.png","contentUrl":"https:\/\/waldhoer.org\/wp-content\/uploads\/2026\/02\/cropped-Icon_WS-1.png","width":512,"height":512,"caption":"Merlin Waldh\u00f6r"},"logo":{"@id":"https:\/\/waldhoer.org\/wp-content\/uploads\/2026\/02\/cropped-Icon_WS-1.png"},"sameAs":["http:\/\/192.168.0.55:8090","https:\/\/www.facebook.com\/MerlinWaldhoer\/","https:\/\/instagram.com\/merlin.waldhoer","https:\/\/www.linkedin.com\/in\/merlin-waldhr-696809275\/"]}]}},"_links":{"self":[{"href":"https:\/\/waldhoer.org\/en\/wp-json\/wp\/v2\/pages\/222","targetHints":{"allow":["GET"]}}],"collection":[{"href":"https:\/\/waldhoer.org\/en\/wp-json\/wp\/v2\/pages"}],"about":[{"href":"https:\/\/waldhoer.org\/en\/wp-json\/wp\/v2\/types\/page"}],"author":[{"embeddable":true,"href":"https:\/\/waldhoer.org\/en\/wp-json\/wp\/v2\/users\/1"}],"replies":[{"embeddable":true,"href":"https:\/\/waldhoer.org\/en\/wp-json\/wp\/v2\/comments?post=222"}],"version-history":[{"count":4,"href":"https:\/\/waldhoer.org\/en\/wp-json\/wp\/v2\/pages\/222\/revisions"}],"predecessor-version":[{"id":227,"href":"https:\/\/waldhoer.org\/en\/wp-json\/wp\/v2\/pages\/222\/revisions\/227"}],"wp:attachment":[{"href":"https:\/\/waldhoer.org\/en\/wp-json\/wp\/v2\/media?parent=222"}],"curies":[{"name":"wp","href":"https:\/\/api.w.org\/{rel}","templated":true}]}}