{"id":202,"date":"2026-02-21T15:58:21","date_gmt":"2026-02-21T14:58:21","guid":{"rendered":"https:\/\/waldhoer.org\/?page_id=202"},"modified":"2026-03-07T17:12:27","modified_gmt":"2026-03-07T16:12:27","slug":"copyright","status":"publish","type":"page","link":"https:\/\/waldhoer.org\/en\/copyright\/","title":{"rendered":"Copyright"},"content":{"rendered":"<div data-elementor-type=\"wp-page\" data-elementor-id=\"202\" class=\"elementor elementor-202\">\n\t\t\t\t<div class=\"elementor-element elementor-element-3c0f1bb e-flex e-con-boxed wpr-particle-no wpr-jarallax-no wpr-parallax-no wpr-sticky-section-no wpr-column-slider-no wpr-equal-height-no e-con e-parent\" data-id=\"3c0f1bb\" data-element_type=\"container\" data-e-type=\"container\">\n\t\t\t\t\t<div class=\"e-con-inner\">\n\t\t\t\t<div class=\"elementor-element elementor-element-640d199 elementor-widget elementor-widget-heading\" data-id=\"640d199\" data-element_type=\"widget\" data-e-type=\"widget\" data-widget_type=\"heading.default\">\n\t\t\t\t\t<h1 class=\"elementor-heading-title elementor-size-default\">Copyright<\/h1>\t\t\t\t<\/div>\n\t\t\t\t<div class=\"elementor-element elementor-element-68a4850 elementor-widget elementor-widget-text-editor\" data-id=\"68a4850\" data-element_type=\"widget\" data-e-type=\"widget\" data-widget_type=\"text-editor.default\">\n\t\t\t\t\t\t\t\t\t<p>All digital products on pages from Merlin Waldh\u00f6r are available for free under the&nbsp;<b>Creative Commons Attribution 4.0 International Public License&nbsp;<\/b>. This means:<\/p>\n<ol>\n<li>The material may be copied, distributed, edited, and used as a basis for further material.<\/li>\n<li>The material may be copied, distributed, edited, and used as a basis for further material.&nbsp;<\/li>\n<li>When passing on the material, the agreements in the license may not be restricted.<\/li>\n<\/ol>\n<div>&nbsp;<\/div>\n<div>The formal definition can be accessed&nbsp;<a href=\"https:\/\/creativecommons.org\/licenses\/by\/4.0\/legalcode\">here&nbsp;<\/a>online.<br>The official summary can be accessed&nbsp;<a href=\"https:\/\/creativecommons.org\/licenses\/by\/4.0\/\">here&nbsp;<\/a>online.<\/div>\n<div>In case of questions it is recommended to&nbsp;<a href=\"mailto:merlin@waldhoer.org\">contact me directly<\/a>.<\/div>\n<div>&nbsp;<\/div>\n<div><b>Exceptions<\/b>:<br>Material that's shared from Merlin Waldh\u00f6r at&nbsp;<a href=\"http:\/\/pixabay.com\/\">pixabay.com<\/a>&nbsp;or&nbsp;<a href=\"http:\/\/giphy.com\/\">giphy.com<\/a>&nbsp;is excluded from the rules provided. This content is shared under&nbsp;<a href=\"https:\/\/creativecommons.org\/public-domain\/\">CC0 \/ Public Domain License<\/a>&nbsp;ver\u00f6ffentlicht.&nbsp;<\/div>\n<div>&nbsp;<\/div>\n<div><b>Examples for Credit:<br><\/b>\"Image by Merlin Waldh\u00f6r, see waldhoer.org - shared under CC4.0 International License\"<\/div>\t\t\t\t\t\t\t\t<\/div>\n\t\t\t\t\t<\/div>\n\t\t\t\t<\/div>\n\t\t\t\t<\/div>","protected":false},"excerpt":{"rendered":"<p>Copyright S\u00e4mtliche digitale Produkte von Websites von Merlin Waldh\u00f6r werden&nbsp; kostenlos unter der&nbsp;Creative Commons Attribution 4.0 International Public License&nbsp;ver\u00f6ffentlicht. Das bedeutet: Das Material darf kopiert, weitergegeben, bearbeitet und als Grundlage f\u00fcr weiteres Material verwendet werden. Das Material muss entsprechend gekennzeichnet werden. Das beinhaltet eine Angabe des Urhebers, einen Link zur Lizenz sowie eine Angabe ob das Material ver\u00e4ndert wurde.&nbsp; Bei der Weitergabe des Materials d\u00fcrfen die Vereinbarungen in der Lizenz nicht eingeschr\u00e4nkt werden. &nbsp; Die formale Definition der Lizenz kann&nbsp;hier&nbsp;eingesehen werden.Die offizielle Zusammenfassung der Lizenz kann&nbsp;hier&nbsp;eingesehen werden. Bei Fragen oder Unklarheiten am besten&nbsp;eine Anfrage schicken. &nbsp; Ausnahmen:Material dass von Merlin Waldh\u00f6r auf&nbsp;pixabay.com&nbsp;oder&nbsp;giphy.com&nbsp;zug\u00e4nglich ist, entf\u00e4llt der obigen Regelung und wird unter der&nbsp;CC0 \/ Public Domain License&nbsp;ver\u00f6ffentlicht.&nbsp; &nbsp; Beispiele f\u00fcr Kennzeichnung:\u201cBild von Merlin Waldh\u00f6r, siehe waldhoer.org \u2013 ver\u00f6ffentlich unter der CC4.0 International License\u201d<\/p>","protected":false},"author":1,"featured_media":0,"parent":0,"menu_order":0,"comment_status":"closed","ping_status":"closed","template":"elementor_canvas","meta":{"footnotes":""},"class_list":["post-202","page","type-page","status-publish","hentry"],"yoast_head":"<!-- This site is optimized with the Yoast SEO plugin v27.5 - https:\/\/yoast.com\/product\/yoast-seo-wordpress\/ -->\n<title>Copyright - Merlin Waldh\u00f6r<\/title>\n<meta name=\"description\" content=\"Ich stelle meine digitalen Werke gerne zu Verf\u00fcgung. Hier findest du alle Infos zum Copyright meiner Arbeiten.\" \/>\n<meta name=\"robots\" content=\"index, follow, max-snippet:-1, max-image-preview:large, max-video-preview:-1\" \/>\n<link rel=\"canonical\" href=\"https:\/\/waldhoer.org\/en\/copyright\/\" \/>\n<meta property=\"og:locale\" content=\"en_US\" \/>\n<meta property=\"og:type\" content=\"article\" \/>\n<meta property=\"og:title\" content=\"Copyright - Merlin Waldh\u00f6r\" \/>\n<meta property=\"og:description\" content=\"Ich stelle meine digitalen Werke gerne zu Verf\u00fcgung. Hier findest du alle Infos zum Copyright meiner Arbeiten.\" \/>\n<meta property=\"og:url\" content=\"https:\/\/waldhoer.org\/en\/copyright\/\" \/>\n<meta property=\"og:site_name\" content=\"Merlin Waldh\u00f6r\" \/>\n<meta property=\"article:publisher\" content=\"https:\/\/www.facebook.com\/MerlinWaldhoer\/\" \/>\n<meta property=\"article:modified_time\" content=\"2026-03-07T16:12:27+00:00\" \/>\n<meta name=\"twitter:card\" content=\"summary_large_image\" \/>\n<meta name=\"twitter:label1\" content=\"Est. reading time\" \/>\n\t<meta name=\"twitter:data1\" content=\"1 minute\" \/>\n<script type=\"application\/ld+json\" class=\"yoast-schema-graph\">{\"@context\":\"https:\\\/\\\/schema.org\",\"@graph\":[{\"@type\":\"WebPage\",\"@id\":\"https:\\\/\\\/waldhoer.org\\\/copyright\\\/\",\"url\":\"https:\\\/\\\/waldhoer.org\\\/copyright\\\/\",\"name\":\"Copyright - Merlin Waldh\u00f6r\",\"isPartOf\":{\"@id\":\"https:\\\/\\\/waldhoer.org\\\/#website\"},\"datePublished\":\"2026-02-21T14:58:21+00:00\",\"dateModified\":\"2026-03-07T16:12:27+00:00\",\"description\":\"Ich stelle meine digitalen Werke gerne zu Verf\u00fcgung. Hier findest du alle Infos zum Copyright meiner Arbeiten.\",\"breadcrumb\":{\"@id\":\"https:\\\/\\\/waldhoer.org\\\/copyright\\\/#breadcrumb\"},\"inLanguage\":\"en-US\",\"potentialAction\":[{\"@type\":\"ReadAction\",\"target\":[\"https:\\\/\\\/waldhoer.org\\\/copyright\\\/\"]}]},{\"@type\":\"BreadcrumbList\",\"@id\":\"https:\\\/\\\/waldhoer.org\\\/copyright\\\/#breadcrumb\",\"itemListElement\":[{\"@type\":\"ListItem\",\"position\":1,\"name\":\"Startseite\",\"item\":\"https:\\\/\\\/waldhoer.org\\\/\"},{\"@type\":\"ListItem\",\"position\":2,\"name\":\"Copyright\"}]},{\"@type\":\"WebSite\",\"@id\":\"https:\\\/\\\/waldhoer.org\\\/#website\",\"url\":\"https:\\\/\\\/waldhoer.org\\\/\",\"name\":\"Merlin Waldh\u00f6r\",\"description\":\"Offizielle Webpr\u00e4senz\",\"publisher\":{\"@id\":\"https:\\\/\\\/waldhoer.org\\\/#\\\/schema\\\/person\\\/23b074e959ccdcf806e7ce65420fa6c5\"},\"potentialAction\":[{\"@type\":\"SearchAction\",\"target\":{\"@type\":\"EntryPoint\",\"urlTemplate\":\"https:\\\/\\\/waldhoer.org\\\/?s={search_term_string}\"},\"query-input\":{\"@type\":\"PropertyValueSpecification\",\"valueRequired\":true,\"valueName\":\"search_term_string\"}}],\"inLanguage\":\"en-US\"},{\"@type\":[\"Person\",\"Organization\"],\"@id\":\"https:\\\/\\\/waldhoer.org\\\/#\\\/schema\\\/person\\\/23b074e959ccdcf806e7ce65420fa6c5\",\"name\":\"Merlin Waldh\u00f6r\",\"image\":{\"@type\":\"ImageObject\",\"inLanguage\":\"en-US\",\"@id\":\"https:\\\/\\\/waldhoer.org\\\/wp-content\\\/uploads\\\/2026\\\/02\\\/cropped-Icon_WS-1.png\",\"url\":\"https:\\\/\\\/waldhoer.org\\\/wp-content\\\/uploads\\\/2026\\\/02\\\/cropped-Icon_WS-1.png\",\"contentUrl\":\"https:\\\/\\\/waldhoer.org\\\/wp-content\\\/uploads\\\/2026\\\/02\\\/cropped-Icon_WS-1.png\",\"width\":512,\"height\":512,\"caption\":\"Merlin Waldh\u00f6r\"},\"logo\":{\"@id\":\"https:\\\/\\\/waldhoer.org\\\/wp-content\\\/uploads\\\/2026\\\/02\\\/cropped-Icon_WS-1.png\"},\"sameAs\":[\"http:\\\/\\\/192.168.0.55:8090\",\"https:\\\/\\\/www.facebook.com\\\/MerlinWaldhoer\\\/\",\"https:\\\/\\\/instagram.com\\\/merlin.waldhoer\",\"https:\\\/\\\/www.linkedin.com\\\/in\\\/merlin-waldhr-696809275\\\/\"]}]}<\/script>\n<!-- \/ Yoast SEO plugin. -->","yoast_head_json":{"title":"Copyright - Merlin Waldh\u00f6r","description":"Ich stelle meine digitalen Werke gerne zu Verf\u00fcgung. Hier findest du alle Infos zum Copyright meiner Arbeiten.","robots":{"index":"index","follow":"follow","max-snippet":"max-snippet:-1","max-image-preview":"max-image-preview:large","max-video-preview":"max-video-preview:-1"},"canonical":"https:\/\/waldhoer.org\/en\/copyright\/","og_locale":"en_US","og_type":"article","og_title":"Copyright - Merlin Waldh\u00f6r","og_description":"Ich stelle meine digitalen Werke gerne zu Verf\u00fcgung. Hier findest du alle Infos zum Copyright meiner Arbeiten.","og_url":"https:\/\/waldhoer.org\/en\/copyright\/","og_site_name":"Merlin Waldh\u00f6r","article_publisher":"https:\/\/www.facebook.com\/MerlinWaldhoer\/","article_modified_time":"2026-03-07T16:12:27+00:00","twitter_card":"summary_large_image","twitter_misc":{"Est. reading time":"1 minute"},"schema":{"@context":"https:\/\/schema.org","@graph":[{"@type":"WebPage","@id":"https:\/\/waldhoer.org\/copyright\/","url":"https:\/\/waldhoer.org\/copyright\/","name":"Copyright - Merlin Waldh\u00f6r","isPartOf":{"@id":"https:\/\/waldhoer.org\/#website"},"datePublished":"2026-02-21T14:58:21+00:00","dateModified":"2026-03-07T16:12:27+00:00","description":"Ich stelle meine digitalen Werke gerne zu Verf\u00fcgung. Hier findest du alle Infos zum Copyright meiner Arbeiten.","breadcrumb":{"@id":"https:\/\/waldhoer.org\/copyright\/#breadcrumb"},"inLanguage":"en-US","potentialAction":[{"@type":"ReadAction","target":["https:\/\/waldhoer.org\/copyright\/"]}]},{"@type":"BreadcrumbList","@id":"https:\/\/waldhoer.org\/copyright\/#breadcrumb","itemListElement":[{"@type":"ListItem","position":1,"name":"Startseite","item":"https:\/\/waldhoer.org\/"},{"@type":"ListItem","position":2,"name":"Copyright"}]},{"@type":"WebSite","@id":"https:\/\/waldhoer.org\/#website","url":"https:\/\/waldhoer.org\/","name":"Merlin Waldh\u00f6r","description":"Official Webpage","publisher":{"@id":"https:\/\/waldhoer.org\/#\/schema\/person\/23b074e959ccdcf806e7ce65420fa6c5"},"potentialAction":[{"@type":"SearchAction","target":{"@type":"EntryPoint","urlTemplate":"https:\/\/waldhoer.org\/?s={search_term_string}"},"query-input":{"@type":"PropertyValueSpecification","valueRequired":true,"valueName":"search_term_string"}}],"inLanguage":"en-US"},{"@type":["Person","Organization"],"@id":"https:\/\/waldhoer.org\/#\/schema\/person\/23b074e959ccdcf806e7ce65420fa6c5","name":"Merlin Waldh\u00f6r","image":{"@type":"ImageObject","inLanguage":"en-US","@id":"https:\/\/waldhoer.org\/wp-content\/uploads\/2026\/02\/cropped-Icon_WS-1.png","url":"https:\/\/waldhoer.org\/wp-content\/uploads\/2026\/02\/cropped-Icon_WS-1.png","contentUrl":"https:\/\/waldhoer.org\/wp-content\/uploads\/2026\/02\/cropped-Icon_WS-1.png","width":512,"height":512,"caption":"Merlin Waldh\u00f6r"},"logo":{"@id":"https:\/\/waldhoer.org\/wp-content\/uploads\/2026\/02\/cropped-Icon_WS-1.png"},"sameAs":["http:\/\/192.168.0.55:8090","https:\/\/www.facebook.com\/MerlinWaldhoer\/","https:\/\/instagram.com\/merlin.waldhoer","https:\/\/www.linkedin.com\/in\/merlin-waldhr-696809275\/"]}]}},"_links":{"self":[{"href":"https:\/\/waldhoer.org\/en\/wp-json\/wp\/v2\/pages\/202","targetHints":{"allow":["GET"]}}],"collection":[{"href":"https:\/\/waldhoer.org\/en\/wp-json\/wp\/v2\/pages"}],"about":[{"href":"https:\/\/waldhoer.org\/en\/wp-json\/wp\/v2\/types\/page"}],"author":[{"embeddable":true,"href":"https:\/\/waldhoer.org\/en\/wp-json\/wp\/v2\/users\/1"}],"replies":[{"embeddable":true,"href":"https:\/\/waldhoer.org\/en\/wp-json\/wp\/v2\/comments?post=202"}],"version-history":[{"count":4,"href":"https:\/\/waldhoer.org\/en\/wp-json\/wp\/v2\/pages\/202\/revisions"}],"predecessor-version":[{"id":206,"href":"https:\/\/waldhoer.org\/en\/wp-json\/wp\/v2\/pages\/202\/revisions\/206"}],"wp:attachment":[{"href":"https:\/\/waldhoer.org\/en\/wp-json\/wp\/v2\/media?parent=202"}],"curies":[{"name":"wp","href":"https:\/\/api.w.org\/{rel}","templated":true}]}}