{"id":195,"date":"2026-02-21T15:53:54","date_gmt":"2026-02-21T14:53:54","guid":{"rendered":"https:\/\/waldhoer.org\/?page_id=195"},"modified":"2026-05-07T13:48:24","modified_gmt":"2026-05-07T11:48:24","slug":"impressum","status":"publish","type":"page","link":"https:\/\/waldhoer.org\/en\/impressum\/","title":{"rendered":"Imprint"},"content":{"rendered":"<div data-elementor-type=\"wp-page\" data-elementor-id=\"195\" class=\"elementor elementor-195\">\n\t\t\t\t<div class=\"elementor-element elementor-element-f4d95b7 e-flex e-con-boxed wpr-particle-no wpr-jarallax-no wpr-parallax-no wpr-sticky-section-no wpr-column-slider-no wpr-equal-height-no e-con e-parent\" data-id=\"f4d95b7\" data-element_type=\"container\" data-e-type=\"container\">\n\t\t\t\t\t<div class=\"e-con-inner\">\n\t\t\t\t<div class=\"elementor-element elementor-element-7c1617e elementor-widget elementor-widget-heading\" data-id=\"7c1617e\" data-element_type=\"widget\" data-e-type=\"widget\" data-widget_type=\"heading.default\">\n\t\t\t\t\t<h1 class=\"elementor-heading-title elementor-size-default\">Imprint<\/h1>\t\t\t\t<\/div>\n\t\t\t\t<div class=\"elementor-element elementor-element-157737e elementor-widget__width-initial elementor-widget elementor-widget-text-editor\" data-id=\"157737e\" data-element_type=\"widget\" data-e-type=\"widget\" data-widget_type=\"text-editor.default\">\n\t\t\t\t\t\t\t\t\t<div class=\"elementor-element elementor-element-31479e1 elementor-widget elementor-widget-text-editor\" data-id=\"31479e1\" data-element_type=\"widget\" data-e-type=\"widget\" data-widget_type=\"text-editor.default\"><div class=\"elementor-widget-container\"><p><b>Waldh\u00f6r Solutions e.U.<br \/>Merlin Waldh\u00f6r<br \/><\/b>merlin@waldhoer.org<\/p><\/div><\/div>\t\t\t\t\t\t\t\t<\/div>\n\t\t\t\t<div class=\"elementor-element elementor-element-44064c5 showAddrBtn elementor-widget elementor-widget-button\" data-id=\"44064c5\" data-element_type=\"widget\" data-e-type=\"widget\" id=\"showAddrBtn\" data-widget_type=\"button.default\">\n\t\t\t\t\t\t\t\t\t\t<a class=\"elementor-button elementor-button-link elementor-size-sm\" href=\"#\">\n\t\t\t\t\t\t<span class=\"elementor-button-content-wrapper\">\n\t\t\t\t\t\t<span class=\"elementor-button-icon\">\n\t\t\t\t<svg aria-hidden=\"true\" class=\"e-font-icon-svg e-fas-unlock-alt\" viewbox=\"0 0 448 512\" xmlns=\"http:\/\/www.w3.org\/2000\/svg\"><path d=\"M400 256H152V152.9c0-39.6 31.7-72.5 71.3-72.9 40-.4 72.7 32.1 72.7 72v16c0 13.3 10.7 24 24 24h32c13.3 0 24-10.7 24-24v-16C376 68 307.5-.3 223.5 0 139.5.3 72 69.5 72 153.5V256H48c-26.5 0-48 21.5-48 48v160c0 26.5 21.5 48 48 48h352c26.5 0 48-21.5 48-48V304c0-26.5-21.5-48-48-48zM264 408c0 22.1-17.9 40-40 40s-40-17.9-40-40v-48c0-22.1 17.9-40 40-40s40 17.9 40 40v48z\"><\/path><\/svg>\t\t\t<\/span>\n\t\t\t\t\t\t\t\t\t<span class=\"elementor-button-text\">Gesch\u00e4ftsanschrift anzeigen<\/span>\n\t\t\t\t\t<\/span>\n\t\t\t\t\t<\/a>\n\t\t\t\t\t\t\t\t<\/div>\n\t\t\t\t<div class=\"elementor-element elementor-element-649ce66 elementor-widget__width-initial addressBox elementor-widget elementor-widget-html\" data-id=\"649ce66\" data-element_type=\"widget\" data-e-type=\"widget\" id=\"addressBox\" data-widget_type=\"html.default\">\n\t\t\t\t\t<div id=\"addressBox\"><\/div>\n\n<script>\ndocument.getElementById(\"addressBox\").style.display= 'none';\n\ndocument.getElementById(\"showAddrBtn\").addEventListener(\"click\", async () => {\n    const response = await fetch(\"https:\/\/lab.waldhoer.org\/addrprot\/addrprot.php\", {\n        method: \"POST\"\n    });\n\n    if (!response.ok) {\n        document.getElementById(\"addressBox\").innerText =\n            \"Adresse konnte nicht geladen werden.\";\n        return;\n    } else{\n      document.getElementById(\"showAddrBtn\").style.display= 'none';\n   }\n\n    const data = await response.text();\n\n    document.getElementById(\"addressBox\").innerHTML = data;\n    document.getElementById(\"addressBox\").style.display= 'block';\n\n\n});\n<\/script>\t\t\t\t<\/div>\n\t\t\t\t<div class=\"elementor-element elementor-element-f7e67be elementor-widget__width-initial elementor-widget elementor-widget-text-editor\" data-id=\"f7e67be\" data-element_type=\"widget\" data-e-type=\"widget\" data-widget_type=\"text-editor.default\">\n\t\t\t\t\t\t\t\t\t<div data-id=\"31479e1\" data-element_type=\"widget\" data-e-type=\"widget\" data-widget_type=\"text-editor.default\">\n<div>\n<p>Mitglied der WKN\u00d6<\/p>\n<p><b>Beh\u00f6rde gem. ECG:<\/b> BH Bruck\/Leitha<\/p>\n<p><b>Unternehmensgegenstand<\/b>:&nbsp;Dienstleistungen in der automatischen Datenverarbeitung und Informationstechnik<\/p>\n<\/div>\n<\/div>\t\t\t\t\t\t\t\t<\/div>\n\t\t\t\t\t<\/div>\n\t\t\t\t<\/div>\n\t\t\t\t<\/div>","protected":false},"excerpt":{"rendered":"<p>Impressum Waldh\u00f6r Solutions e.U.Merlin Waldh\u00f6rmerlin@waldhoer.org Gesch\u00e4ftsanschrift anzeigen Mitglied der WKN\u00d6 Beh\u00f6rde gem. ECG: BH Bruck\/Leitha Unternehmensgegenstand:&nbsp;Dienstleistungen in der automatischen Datenverarbeitung und Informationstechnik<\/p>","protected":false},"author":1,"featured_media":0,"parent":0,"menu_order":0,"comment_status":"closed","ping_status":"closed","template":"elementor_canvas","meta":{"footnotes":""},"class_list":["post-195","page","type-page","status-publish","hentry"],"yoast_head":"<!-- This site is optimized with the Yoast SEO plugin v27.5 - https:\/\/yoast.com\/product\/yoast-seo-wordpress\/ -->\n<title>Impressum - Merlin Waldh\u00f6r<\/title>\n<meta name=\"description\" content=\"Auf dieser Seite findest du alle rechtlich verpflichtenden Angaben zu dieser Website und derer Funktionen.\" \/>\n<meta name=\"robots\" content=\"index, follow, max-snippet:-1, max-image-preview:large, max-video-preview:-1\" \/>\n<link rel=\"canonical\" href=\"https:\/\/waldhoer.org\/en\/impressum\/\" \/>\n<meta property=\"og:locale\" content=\"en_US\" \/>\n<meta property=\"og:type\" content=\"article\" \/>\n<meta property=\"og:title\" content=\"Impressum - Merlin Waldh\u00f6r\" \/>\n<meta property=\"og:description\" content=\"Auf dieser Seite findest du alle rechtlich verpflichtenden Angaben zu dieser Website und derer Funktionen.\" \/>\n<meta property=\"og:url\" content=\"https:\/\/waldhoer.org\/en\/impressum\/\" \/>\n<meta property=\"og:site_name\" content=\"Merlin Waldh\u00f6r\" \/>\n<meta property=\"article:publisher\" content=\"https:\/\/www.facebook.com\/MerlinWaldhoer\/\" \/>\n<meta property=\"article:modified_time\" content=\"2026-05-07T11:48:24+00:00\" \/>\n<meta name=\"twitter:card\" content=\"summary_large_image\" \/>\n<meta name=\"twitter:label1\" content=\"Est. reading time\" \/>\n\t<meta name=\"twitter:data1\" content=\"1 minute\" \/>\n<script type=\"application\/ld+json\" class=\"yoast-schema-graph\">{\"@context\":\"https:\\\/\\\/schema.org\",\"@graph\":[{\"@type\":\"WebPage\",\"@id\":\"https:\\\/\\\/waldhoer.org\\\/impressum\\\/\",\"url\":\"https:\\\/\\\/waldhoer.org\\\/impressum\\\/\",\"name\":\"Impressum - Merlin Waldh\u00f6r\",\"isPartOf\":{\"@id\":\"https:\\\/\\\/waldhoer.org\\\/#website\"},\"datePublished\":\"2026-02-21T14:53:54+00:00\",\"dateModified\":\"2026-05-07T11:48:24+00:00\",\"description\":\"Auf dieser Seite findest du alle rechtlich verpflichtenden Angaben zu dieser Website und derer Funktionen.\",\"breadcrumb\":{\"@id\":\"https:\\\/\\\/waldhoer.org\\\/impressum\\\/#breadcrumb\"},\"inLanguage\":\"en-US\",\"potentialAction\":[{\"@type\":\"ReadAction\",\"target\":[\"https:\\\/\\\/waldhoer.org\\\/impressum\\\/\"]}]},{\"@type\":\"BreadcrumbList\",\"@id\":\"https:\\\/\\\/waldhoer.org\\\/impressum\\\/#breadcrumb\",\"itemListElement\":[{\"@type\":\"ListItem\",\"position\":1,\"name\":\"Startseite\",\"item\":\"https:\\\/\\\/waldhoer.org\\\/\"},{\"@type\":\"ListItem\",\"position\":2,\"name\":\"Impressum\"}]},{\"@type\":\"WebSite\",\"@id\":\"https:\\\/\\\/waldhoer.org\\\/#website\",\"url\":\"https:\\\/\\\/waldhoer.org\\\/\",\"name\":\"Merlin Waldh\u00f6r\",\"description\":\"Offizielle Webpr\u00e4senz\",\"publisher\":{\"@id\":\"https:\\\/\\\/waldhoer.org\\\/#\\\/schema\\\/person\\\/23b074e959ccdcf806e7ce65420fa6c5\"},\"potentialAction\":[{\"@type\":\"SearchAction\",\"target\":{\"@type\":\"EntryPoint\",\"urlTemplate\":\"https:\\\/\\\/waldhoer.org\\\/?s={search_term_string}\"},\"query-input\":{\"@type\":\"PropertyValueSpecification\",\"valueRequired\":true,\"valueName\":\"search_term_string\"}}],\"inLanguage\":\"en-US\"},{\"@type\":[\"Person\",\"Organization\"],\"@id\":\"https:\\\/\\\/waldhoer.org\\\/#\\\/schema\\\/person\\\/23b074e959ccdcf806e7ce65420fa6c5\",\"name\":\"Merlin Waldh\u00f6r\",\"image\":{\"@type\":\"ImageObject\",\"inLanguage\":\"en-US\",\"@id\":\"https:\\\/\\\/waldhoer.org\\\/wp-content\\\/uploads\\\/2026\\\/02\\\/cropped-Icon_WS-1.png\",\"url\":\"https:\\\/\\\/waldhoer.org\\\/wp-content\\\/uploads\\\/2026\\\/02\\\/cropped-Icon_WS-1.png\",\"contentUrl\":\"https:\\\/\\\/waldhoer.org\\\/wp-content\\\/uploads\\\/2026\\\/02\\\/cropped-Icon_WS-1.png\",\"width\":512,\"height\":512,\"caption\":\"Merlin Waldh\u00f6r\"},\"logo\":{\"@id\":\"https:\\\/\\\/waldhoer.org\\\/wp-content\\\/uploads\\\/2026\\\/02\\\/cropped-Icon_WS-1.png\"},\"sameAs\":[\"http:\\\/\\\/192.168.0.55:8090\",\"https:\\\/\\\/www.facebook.com\\\/MerlinWaldhoer\\\/\",\"https:\\\/\\\/instagram.com\\\/merlin.waldhoer\",\"https:\\\/\\\/www.linkedin.com\\\/in\\\/merlin-waldhr-696809275\\\/\"]}]}<\/script>\n<!-- \/ Yoast SEO plugin. -->","yoast_head_json":{"title":"Impressum - Merlin Waldh\u00f6r","description":"Auf dieser Seite findest du alle rechtlich verpflichtenden Angaben zu dieser Website und derer Funktionen.","robots":{"index":"index","follow":"follow","max-snippet":"max-snippet:-1","max-image-preview":"max-image-preview:large","max-video-preview":"max-video-preview:-1"},"canonical":"https:\/\/waldhoer.org\/en\/impressum\/","og_locale":"en_US","og_type":"article","og_title":"Impressum - Merlin Waldh\u00f6r","og_description":"Auf dieser Seite findest du alle rechtlich verpflichtenden Angaben zu dieser Website und derer Funktionen.","og_url":"https:\/\/waldhoer.org\/en\/impressum\/","og_site_name":"Merlin Waldh\u00f6r","article_publisher":"https:\/\/www.facebook.com\/MerlinWaldhoer\/","article_modified_time":"2026-05-07T11:48:24+00:00","twitter_card":"summary_large_image","twitter_misc":{"Est. reading time":"1 minute"},"schema":{"@context":"https:\/\/schema.org","@graph":[{"@type":"WebPage","@id":"https:\/\/waldhoer.org\/impressum\/","url":"https:\/\/waldhoer.org\/impressum\/","name":"Impressum - Merlin Waldh\u00f6r","isPartOf":{"@id":"https:\/\/waldhoer.org\/#website"},"datePublished":"2026-02-21T14:53:54+00:00","dateModified":"2026-05-07T11:48:24+00:00","description":"Auf dieser Seite findest du alle rechtlich verpflichtenden Angaben zu dieser Website und derer Funktionen.","breadcrumb":{"@id":"https:\/\/waldhoer.org\/impressum\/#breadcrumb"},"inLanguage":"en-US","potentialAction":[{"@type":"ReadAction","target":["https:\/\/waldhoer.org\/impressum\/"]}]},{"@type":"BreadcrumbList","@id":"https:\/\/waldhoer.org\/impressum\/#breadcrumb","itemListElement":[{"@type":"ListItem","position":1,"name":"Startseite","item":"https:\/\/waldhoer.org\/"},{"@type":"ListItem","position":2,"name":"Impressum"}]},{"@type":"WebSite","@id":"https:\/\/waldhoer.org\/#website","url":"https:\/\/waldhoer.org\/","name":"Merlin Waldh\u00f6r","description":"Official Webpage","publisher":{"@id":"https:\/\/waldhoer.org\/#\/schema\/person\/23b074e959ccdcf806e7ce65420fa6c5"},"potentialAction":[{"@type":"SearchAction","target":{"@type":"EntryPoint","urlTemplate":"https:\/\/waldhoer.org\/?s={search_term_string}"},"query-input":{"@type":"PropertyValueSpecification","valueRequired":true,"valueName":"search_term_string"}}],"inLanguage":"en-US"},{"@type":["Person","Organization"],"@id":"https:\/\/waldhoer.org\/#\/schema\/person\/23b074e959ccdcf806e7ce65420fa6c5","name":"Merlin Waldh\u00f6r","image":{"@type":"ImageObject","inLanguage":"en-US","@id":"https:\/\/waldhoer.org\/wp-content\/uploads\/2026\/02\/cropped-Icon_WS-1.png","url":"https:\/\/waldhoer.org\/wp-content\/uploads\/2026\/02\/cropped-Icon_WS-1.png","contentUrl":"https:\/\/waldhoer.org\/wp-content\/uploads\/2026\/02\/cropped-Icon_WS-1.png","width":512,"height":512,"caption":"Merlin Waldh\u00f6r"},"logo":{"@id":"https:\/\/waldhoer.org\/wp-content\/uploads\/2026\/02\/cropped-Icon_WS-1.png"},"sameAs":["http:\/\/192.168.0.55:8090","https:\/\/www.facebook.com\/MerlinWaldhoer\/","https:\/\/instagram.com\/merlin.waldhoer","https:\/\/www.linkedin.com\/in\/merlin-waldhr-696809275\/"]}]}},"_links":{"self":[{"href":"https:\/\/waldhoer.org\/en\/wp-json\/wp\/v2\/pages\/195","targetHints":{"allow":["GET"]}}],"collection":[{"href":"https:\/\/waldhoer.org\/en\/wp-json\/wp\/v2\/pages"}],"about":[{"href":"https:\/\/waldhoer.org\/en\/wp-json\/wp\/v2\/types\/page"}],"author":[{"embeddable":true,"href":"https:\/\/waldhoer.org\/en\/wp-json\/wp\/v2\/users\/1"}],"replies":[{"embeddable":true,"href":"https:\/\/waldhoer.org\/en\/wp-json\/wp\/v2\/comments?post=195"}],"version-history":[{"count":77,"href":"https:\/\/waldhoer.org\/en\/wp-json\/wp\/v2\/pages\/195\/revisions"}],"predecessor-version":[{"id":503,"href":"https:\/\/waldhoer.org\/en\/wp-json\/wp\/v2\/pages\/195\/revisions\/503"}],"wp:attachment":[{"href":"https:\/\/waldhoer.org\/en\/wp-json\/wp\/v2\/media?parent=195"}],"curies":[{"name":"wp","href":"https:\/\/api.w.org\/{rel}","templated":true}]}}